{"id":88,"date":"2025-11-21T19:31:58","date_gmt":"2025-11-21T19:31:58","guid":{"rendered":"https:\/\/verde-schule.eu\/?page_id=88"},"modified":"2025-12-05T08:11:43","modified_gmt":"2025-12-05T07:11:43","slug":"ueber-uns","status":"publish","type":"page","link":"https:\/\/verde-schule.eu\/?page_id=88","title":{"rendered":"\u00dcber uns"},"content":{"rendered":"\n<div class=\"wp-block-cover alignfull has-custom-content-position is-position-bottom-center\" style=\"margin-top:0;margin-bottom:0;padding-top:var(--wp--preset--spacing--50);padding-right:var(--wp--preset--spacing--50);padding-bottom:var(--wp--preset--spacing--50);padding-left:var(--wp--preset--spacing--50);min-height:840px;aspect-ratio:unset;\"><img fetchpriority=\"high\" decoding=\"async\" width=\"1024\" height=\"682\" class=\"wp-block-cover__image-background wp-image-89 size-large\" alt=\"\" src=\"https:\/\/verde-schule.eu\/wp-content\/uploads\/2025\/11\/46223432-db4a-4720-bad6-0b4b74548684-1024x682.jpg\" data-object-fit=\"cover\" srcset=\"https:\/\/verde-schule.eu\/wp-content\/uploads\/2025\/11\/46223432-db4a-4720-bad6-0b4b74548684-1024x682.jpg 1024w, https:\/\/verde-schule.eu\/wp-content\/uploads\/2025\/11\/46223432-db4a-4720-bad6-0b4b74548684-300x200.jpg 300w, https:\/\/verde-schule.eu\/wp-content\/uploads\/2025\/11\/46223432-db4a-4720-bad6-0b4b74548684-768x512.jpg 768w, https:\/\/verde-schule.eu\/wp-content\/uploads\/2025\/11\/46223432-db4a-4720-bad6-0b4b74548684-1536x1024.jpg 1536w, https:\/\/verde-schule.eu\/wp-content\/uploads\/2025\/11\/46223432-db4a-4720-bad6-0b4b74548684-2048x1365.jpg 2048w\" sizes=\"(max-width: 1024px) 100vw, 1024px\" \/><span aria-hidden=\"true\" class=\"wp-block-cover__background has-background-dim-10 has-background-dim\" style=\"background-color:#707d8b\"><\/span><div class=\"wp-block-cover__inner-container has-global-padding is-layout-constrained wp-container-core-cover-is-layout-d89aad35 wp-block-cover-is-layout-constrained\">\n<p class=\"has-text-align-center has-large-font-size\"><\/p>\n<\/div><\/div>\n\n\n\n<h2 class=\"wp-block-heading\">\u00dcber uns<\/h2>\n\n\n\n<p>Wir sind Verde &#8211; die Gr\u00fcne Sch\u00fcler:innenorganisation. Wir setzen uns f\u00fcr Nachhaltigkeit auf allen Ebenen ein und k\u00e4mpfen f\u00fcr ein besseres Bildungssystem in \u00d6sterreichs Schulen. Wir bauen unsere Forderungen an das Bildungssystem auf 3 S\u00e4ulen auf<\/p>\n\n\n\n<p><\/p>\n\n\n\n<h2 class=\"wp-block-heading has-text-align-center\">\u00d6kologische Nachhaltigkeit <\/h2>\n\n\n\n<div class=\"wp-block-group is-vertical is-layout-flex wp-container-core-group-is-layout-fe9cc265 wp-block-group-is-layout-flex\">\n<p>Unsere Schulen m\u00fcssen endlich \u00f6kologisch nachhaltig werden. Fassadenbegr\u00fcnungen, Photovoltaikanlagen auf den Schuld\u00e4chern und gute  \u00d6ffi-Verbindungen m\u00fcssen endlich selbstverst\u00e4ndlich werden. Au\u00dferdem sollen an den Schulbuffets vorwiegend vegane, vegetarische, saisonale und regionale Produkte angeboten werden. Zudem schreitet die Klimakrise  rasant voran und immer noch wird sie nicht ausreichend im Unterricht behandelt. Wir fordern daher eine umfassende Klimabildung an \u00d6sterreichs Schulen, den wir sind die Generationen die mit den Folgen des Klimawandels konfrontiert werden.<\/p>\n<\/div>\n\n\n\n<p><\/p>\n\n\n\n<h2 class=\"wp-block-heading has-text-align-center\">Soziale Nachhaltigkeit<\/h2>\n\n\n\n<p>Schule ist ein Ort, an dem wir den Gro\u00dfteil unserer Zeit verbringen. Dennoch f\u00fchlen sich viele Sch\u00fcler:innen an diesem Ort nicht wohl, da sie Diskriminierungserfahrungen machen m\u00fcssen. Beleidigendes Verhalten, stereotype Vorstellungen und abwertende Strukturen d\u00fcrfen keinen Platz haben. Wir wollen einen respektvollen Umgang f\u00f6rdern, sowohl im Unterricht als auch im Miteinander. Wenn wir Offenheit und Wertsch\u00e4tzung fr\u00fch vermitteln, schaffen wir den Grundstein f\u00fcr eine Gesellschaft ohne Ausgrenzung und mit echtem Zusammenhalt.<\/p>\n\n\n\n<p><\/p>\n\n\n\n<h2 class=\"wp-block-heading\">Nachhaltiges Lernen<\/h2>\n\n\n\n<p>Wir wollen eine Schule, die junge Menschen besser auf das Leben vorbereitet und ihnen wichtige Alltagsf\u00e4higkeiten vermittelt, damit wir nicht von unseren Eltern abh\u00e4ngig sein m\u00fcssen und sicher und selbst\u00e4ndig durchs Leben gehen k\u00f6nnen. Sch\u00fcler:innen sollen zus\u00e4tzlich bereits in der Schule antizipieren k\u00f6nnen und bei ihrem Stundenplan mitgestalten d\u00fcrfen. So lernen sie nach Interessen und die individuellen St\u00e4rken k\u00f6nnen besser gef\u00f6rdert werden. <\/p>\n\n\n\n<p><\/p>\n","protected":false},"excerpt":{"rendered":"<p>\u00dcber uns Wir sind Verde &#8211; die Gr\u00fcne Sch\u00fcler:innenorganisation. Wir setzen uns f\u00fcr Nachhaltigkeit auf allen Ebenen ein und k\u00e4mpfen f\u00fcr ein besseres Bildungssystem in \u00d6sterreichs Schulen. Wir bauen unsere Forderungen an das Bildungssystem auf 3 S\u00e4ulen auf \u00d6kologische Nachhaltigkeit Unsere Schulen m\u00fcssen endlich \u00f6kologisch nachhaltig werden. Fassadenbegr\u00fcnungen, Photovoltaikanlagen auf den Schuld\u00e4chern und gute \u00d6ffi-Verbindungen [&hellip;]<\/p>\n","protected":false},"author":1,"featured_media":0,"parent":0,"menu_order":0,"comment_status":"closed","ping_status":"closed","template":"","meta":{"footnotes":""},"class_list":["post-88","page","type-page","status-publish","hentry"],"_links":{"self":[{"href":"https:\/\/verde-schule.eu\/index.php?rest_route=\/wp\/v2\/pages\/88","targetHints":{"allow":["GET"]}}],"collection":[{"href":"https:\/\/verde-schule.eu\/index.php?rest_route=\/wp\/v2\/pages"}],"about":[{"href":"https:\/\/verde-schule.eu\/index.php?rest_route=\/wp\/v2\/types\/page"}],"author":[{"embeddable":true,"href":"https:\/\/verde-schule.eu\/index.php?rest_route=\/wp\/v2\/users\/1"}],"replies":[{"embeddable":true,"href":"https:\/\/verde-schule.eu\/index.php?rest_route=%2Fwp%2Fv2%2Fcomments&post=88"}],"version-history":[{"count":5,"href":"https:\/\/verde-schule.eu\/index.php?rest_route=\/wp\/v2\/pages\/88\/revisions"}],"predecessor-version":[{"id":247,"href":"https:\/\/verde-schule.eu\/index.php?rest_route=\/wp\/v2\/pages\/88\/revisions\/247"}],"wp:attachment":[{"href":"https:\/\/verde-schule.eu\/index.php?rest_route=%2Fwp%2Fv2%2Fmedia&parent=88"}],"curies":[{"name":"wp","href":"https:\/\/api.w.org\/{rel}","templated":true}]}}