{"id":254,"date":"2025-12-05T09:27:34","date_gmt":"2025-12-05T08:27:34","guid":{"rendered":"https:\/\/verde-schule.eu\/?page_id=254"},"modified":"2025-12-05T09:27:34","modified_gmt":"2025-12-05T08:27:34","slug":"mitmachen","status":"publish","type":"page","link":"https:\/\/verde-schule.eu\/?page_id=254","title":{"rendered":"Mitmachen"},"content":{"rendered":"\n<div class=\"wp-block-group alignfull has-global-padding is-layout-constrained wp-container-core-group-is-layout-490fa1db wp-block-group-is-layout-constrained\" style=\"padding-top:var(--wp--preset--spacing--50);padding-right:var(--wp--preset--spacing--50);padding-bottom:var(--wp--preset--spacing--50);padding-left:var(--wp--preset--spacing--50)\">\n<div class=\"wp-block-group has-global-padding is-layout-constrained wp-container-core-group-is-layout-650790e1 wp-block-group-is-layout-constrained\">\n<h1 class=\"wp-block-heading has-text-align-center has-x-large-font-size\">Du willst auch aktiv werden?<\/h1>\n\n\n\n<div style=\"height:1.25rem\" aria-hidden=\"true\" class=\"wp-block-spacer\"><\/div>\n\n\n\n<p class=\"has-text-align-center\">Du m\u00f6chtest auch bei uns aktiv werden und f\u00fcr ein nachhaltiges Bildungssystem k\u00e4mpfen? Dann melde dich einfach \u00fcber den Link bei uns!<\/p>\n<\/div>\n\n\n\n<ul class=\"wp-block-social-links aligncenter is-layout-flex wp-block-social-links-is-layout-flex\"><li class=\"wp-social-link wp-social-link-chain  wp-block-social-link\"><a href=\"https:\/\/forms.gle\/Z7RL7iEW27L1Sm92A\" class=\"wp-block-social-link-anchor\"><svg width=\"24\" height=\"24\" viewBox=\"0 0 24 24\" version=\"1.1\" xmlns=\"http:\/\/www.w3.org\/2000\/svg\" aria-hidden=\"true\" focusable=\"false\"><path d=\"M15.6,7.2H14v1.5h1.6c2,0,3.7,1.7,3.7,3.7s-1.7,3.7-3.7,3.7H14v1.5h1.6c2.8,0,5.2-2.3,5.2-5.2,0-2.9-2.3-5.2-5.2-5.2zM4.7,12.4c0-2,1.7-3.7,3.7-3.7H10V7.2H8.4c-2.9,0-5.2,2.3-5.2,5.2,0,2.9,2.3,5.2,5.2,5.2H10v-1.5H8.4c-2,0-3.7-1.7-3.7-3.7zm4.6.9h5.3v-1.5H9.3v1.5z\"><\/path><\/svg><span class=\"wp-block-social-link-label screen-reader-text\">Link<\/span><\/a><\/li><\/ul>\n\n\n\n<div style=\"height:var(--wp--preset--spacing--30)\" aria-hidden=\"true\" class=\"wp-block-spacer\"><\/div>\n\n\n\n<figure class=\"wp-block-image alignwide size-full is-style-rounded is-style-rounded--1\"><img fetchpriority=\"high\" decoding=\"async\" width=\"2560\" height=\"1707\" src=\"https:\/\/verde-schule.eu\/wp-content\/uploads\/2025\/12\/IMG_6721-scaled.jpg\" alt=\"\" class=\"wp-image-256\" srcset=\"https:\/\/verde-schule.eu\/wp-content\/uploads\/2025\/12\/IMG_6721-scaled.jpg 2560w, https:\/\/verde-schule.eu\/wp-content\/uploads\/2025\/12\/IMG_6721-300x200.jpg 300w, https:\/\/verde-schule.eu\/wp-content\/uploads\/2025\/12\/IMG_6721-1024x683.jpg 1024w, https:\/\/verde-schule.eu\/wp-content\/uploads\/2025\/12\/IMG_6721-768x512.jpg 768w, https:\/\/verde-schule.eu\/wp-content\/uploads\/2025\/12\/IMG_6721-1536x1024.jpg 1536w, https:\/\/verde-schule.eu\/wp-content\/uploads\/2025\/12\/IMG_6721-2048x1365.jpg 2048w\" sizes=\"(max-width: 2560px) 100vw, 2560px\" \/><\/figure>\n<\/div>\n","protected":false},"excerpt":{"rendered":"<p>Du willst auch aktiv werden? Du m\u00f6chtest auch bei uns aktiv werden und f\u00fcr ein nachhaltiges Bildungssystem k\u00e4mpfen? Dann melde dich einfach \u00fcber den Link bei uns!<\/p>\n","protected":false},"author":1,"featured_media":0,"parent":0,"menu_order":0,"comment_status":"closed","ping_status":"closed","template":"","meta":{"footnotes":""},"class_list":["post-254","page","type-page","status-publish","hentry"],"_links":{"self":[{"href":"https:\/\/verde-schule.eu\/index.php?rest_route=\/wp\/v2\/pages\/254","targetHints":{"allow":["GET"]}}],"collection":[{"href":"https:\/\/verde-schule.eu\/index.php?rest_route=\/wp\/v2\/pages"}],"about":[{"href":"https:\/\/verde-schule.eu\/index.php?rest_route=\/wp\/v2\/types\/page"}],"author":[{"embeddable":true,"href":"https:\/\/verde-schule.eu\/index.php?rest_route=\/wp\/v2\/users\/1"}],"replies":[{"embeddable":true,"href":"https:\/\/verde-schule.eu\/index.php?rest_route=%2Fwp%2Fv2%2Fcomments&post=254"}],"version-history":[{"count":1,"href":"https:\/\/verde-schule.eu\/index.php?rest_route=\/wp\/v2\/pages\/254\/revisions"}],"predecessor-version":[{"id":257,"href":"https:\/\/verde-schule.eu\/index.php?rest_route=\/wp\/v2\/pages\/254\/revisions\/257"}],"wp:attachment":[{"href":"https:\/\/verde-schule.eu\/index.php?rest_route=%2Fwp%2Fv2%2Fmedia&parent=254"}],"curies":[{"name":"wp","href":"https:\/\/api.w.org\/{rel}","templated":true}]}}